{"id":9258,"date":"2025-02-04T10:02:29","date_gmt":"2025-02-04T09:02:29","guid":{"rendered":"https:\/\/www.cuyperke.be\/?page_id=9258"},"modified":"2025-02-04T10:11:22","modified_gmt":"2025-02-04T09:11:22","slug":"menu-saint-valentin","status":"publish","type":"page","link":"https:\/\/www.cuyperke.be\/en\/menu-saint-valentin\/","title":{"rendered":"Menu saint-Valentin"},"content":{"rendered":"\t\t<div data-elementor-type=\"wp-page\" data-elementor-id=\"9258\" class=\"elementor elementor-9258 elementor-9256\" data-elementor-post-type=\"page\">\n\t\t\t\t\t\t<section class=\"elementor-section elementor-top-section elementor-element elementor-element-d8285e6 elementor-section-height-min-height elementor-section-stretched elementor-section-boxed elementor-section-height-default elementor-section-items-middle\" data-id=\"d8285e6\" data-element_type=\"section\" data-e-type=\"section\" data-settings=\"{&quot;stretch_section&quot;:&quot;section-stretched&quot;,&quot;background_background&quot;:&quot;classic&quot;,&quot;shape_divider_bottom&quot;:&quot;split&quot;,&quot;grandrestaurant_ext_is_background_on_scroll&quot;:&quot;false&quot;}\">\n\t\t\t\t\t\t\t<div class=\"elementor-background-overlay\"><\/div>\n\t\t\t\t\t\t<div class=\"elementor-shape elementor-shape-bottom\" aria-hidden=\"true\" data-negative=\"false\">\n\t\t\t<svg xmlns=\"http:\/\/www.w3.org\/2000\/svg\" viewBox=\"0 0 1000 20\" preserveAspectRatio=\"none\">\n\t<path class=\"elementor-shape-fill\" d=\"M0,0v3c0,0,393.8,0,483.4,0c9.2,0,16.6,7.4,16.6,16.6c0-9.1,7.4-16.6,16.6-16.6C606.2,3,1000,3,1000,3V0H0z\"\/>\n<\/svg>\t\t<\/div>\n\t\t\t\t\t<div class=\"elementor-container elementor-column-gap-default\">\n\t\t\t\t\t<div class=\"elementor-column elementor-col-100 elementor-top-column elementor-element elementor-element-3efe2a1\" data-id=\"3efe2a1\" data-element_type=\"column\" data-e-type=\"column\" data-settings=\"{&quot;grandrestaurant_ext_link_reservation&quot;:&quot;false&quot;,&quot;grandrestaurant_ext_link_sidemenu&quot;:&quot;false&quot;,&quot;grandrestaurant_ext_link_fullmenu&quot;:&quot;false&quot;,&quot;grandrestaurant_ext_link_closed_fullmenu&quot;:&quot;false&quot;,&quot;grandrestaurant_ext_is_scrollme&quot;:&quot;false&quot;,&quot;grandrestaurant_ext_is_smoove&quot;:&quot;false&quot;,&quot;grandrestaurant_ext_is_parallax_mouse&quot;:&quot;false&quot;,&quot;grandrestaurant_ext_is_infinite&quot;:&quot;false&quot;,&quot;grandrestaurant_ext_is_fadeout_animation&quot;:&quot;false&quot;,&quot;grandrestaurant_ext_mobile_static&quot;:&quot;false&quot;}\">\n\t\t\t<div class=\"elementor-widget-wrap elementor-element-populated\">\n\t\t\t\t\t\t<div class=\"elementor-element elementor-element-82f9e89 elementor-widget__width-inherit elementor-widget elementor-widget-grandrestaurant-animated-text\" data-id=\"82f9e89\" data-element_type=\"widget\" data-e-type=\"widget\" data-settings=\"{&quot;grandrestaurant_ext_link_reservation&quot;:&quot;false&quot;,&quot;grandrestaurant_ext_link_sidemenu&quot;:&quot;false&quot;,&quot;grandrestaurant_ext_link_fullmenu&quot;:&quot;false&quot;,&quot;grandrestaurant_ext_link_closed_fullmenu&quot;:&quot;false&quot;,&quot;grandrestaurant_ext_is_scrollme&quot;:&quot;false&quot;,&quot;grandrestaurant_ext_is_smoove&quot;:&quot;false&quot;,&quot;grandrestaurant_ext_is_parallax_mouse&quot;:&quot;false&quot;,&quot;grandrestaurant_ext_is_infinite&quot;:&quot;false&quot;,&quot;grandrestaurant_ext_mobile_static&quot;:&quot;false&quot;}\" data-widget_type=\"grandrestaurant-animated-text.default\">\n\t\t\t\t<div class=\"elementor-widget-container\">\n\t\t\t\t\t<div class=\"themegoods-animated-text text-alignment-center transition-bottom overflow-hidden\" data-delimiter=\"sentence\" data-transition=\"100\" data-transition-delay=\"200\" data-transition-duration=\"800\">\n\t\t<h2>\n\t\tSaint Valentin\t<\/h2>\n\t<\/div>\t\t\t\t<\/div>\n\t\t\t\t<\/div>\n\t\t\t\t<div class=\"elementor-element elementor-element-9005886 elementor-widget__width-auto elementor-widget elementor-widget-grandrestaurant-animated-text\" data-id=\"9005886\" data-element_type=\"widget\" data-e-type=\"widget\" data-settings=\"{&quot;grandrestaurant_ext_link_reservation&quot;:&quot;false&quot;,&quot;grandrestaurant_ext_link_sidemenu&quot;:&quot;false&quot;,&quot;grandrestaurant_ext_link_fullmenu&quot;:&quot;false&quot;,&quot;grandrestaurant_ext_link_closed_fullmenu&quot;:&quot;false&quot;,&quot;grandrestaurant_ext_is_scrollme&quot;:&quot;false&quot;,&quot;grandrestaurant_ext_is_smoove&quot;:&quot;false&quot;,&quot;grandrestaurant_ext_is_parallax_mouse&quot;:&quot;false&quot;,&quot;grandrestaurant_ext_is_infinite&quot;:&quot;false&quot;,&quot;grandrestaurant_ext_mobile_static&quot;:&quot;false&quot;}\" data-widget_type=\"grandrestaurant-animated-text.default\">\n\t\t\t\t<div class=\"elementor-widget-container\">\n\t\t\t\t\t<div class=\"themegoods-animated-text text-alignment-left transition-bottom overflow-hidden\" data-delimiter=\"word\" data-transition=\"100\" data-transition-delay=\"400\" data-transition-duration=\"800\">\n\t\t<h2>\n\t\t&#x2665;\t<\/h2>\n\t<\/div>\t\t\t\t<\/div>\n\t\t\t\t<\/div>\n\t\t\t\t\t<\/div>\n\t\t<\/div>\n\t\t\t\t\t<\/div>\n\t\t<\/section>\n\t\t\t\t<section class=\"elementor-section elementor-top-section elementor-element elementor-element-c92254a elementor-section-full_width elementor-section-height-default elementor-section-height-default\" data-id=\"c92254a\" data-element_type=\"section\" data-e-type=\"section\" data-settings=\"{&quot;background_background&quot;:&quot;gradient&quot;,&quot;grandrestaurant_ext_is_background_parallax&quot;:&quot;false&quot;,&quot;grandrestaurant_ext_is_background_backdrop&quot;:&quot;false&quot;,&quot;grandrestaurant_ext_is_background_on_scroll&quot;:&quot;false&quot;}\">\n\t\t\t\t\t\t<div class=\"elementor-container elementor-column-gap-default\">\n\t\t\t\t\t<div class=\"elementor-column elementor-col-100 elementor-top-column elementor-element elementor-element-c6dd253\" data-id=\"c6dd253\" data-element_type=\"column\" data-e-type=\"column\" data-settings=\"{&quot;grandrestaurant_ext_is_smoove&quot;:&quot;true&quot;,&quot;grandrestaurant_ext_smoove_disable&quot;:&quot;769&quot;,&quot;grandrestaurant_ext_smoove_duration&quot;:1000,&quot;grandrestaurant_ext_smoove_translatey&quot;:{&quot;unit&quot;:&quot;px&quot;,&quot;size&quot;:40,&quot;sizes&quot;:[]},&quot;grandrestaurant_ext_link_reservation&quot;:&quot;false&quot;,&quot;grandrestaurant_ext_link_sidemenu&quot;:&quot;false&quot;,&quot;grandrestaurant_ext_link_fullmenu&quot;:&quot;false&quot;,&quot;grandrestaurant_ext_link_closed_fullmenu&quot;:&quot;false&quot;,&quot;grandrestaurant_ext_is_scrollme&quot;:&quot;false&quot;,&quot;grandrestaurant_ext_smoove_scalex&quot;:{&quot;unit&quot;:&quot;px&quot;,&quot;size&quot;:1,&quot;sizes&quot;:[]},&quot;grandrestaurant_ext_smoove_scaley&quot;:{&quot;unit&quot;:&quot;px&quot;,&quot;size&quot;:1,&quot;sizes&quot;:[]},&quot;grandrestaurant_ext_smoove_rotatex&quot;:{&quot;unit&quot;:&quot;px&quot;,&quot;size&quot;:0,&quot;sizes&quot;:[]},&quot;grandrestaurant_ext_smoove_rotatey&quot;:{&quot;unit&quot;:&quot;px&quot;,&quot;size&quot;:0,&quot;sizes&quot;:[]},&quot;grandrestaurant_ext_smoove_rotatez&quot;:{&quot;unit&quot;:&quot;px&quot;,&quot;size&quot;:0,&quot;sizes&quot;:[]},&quot;grandrestaurant_ext_smoove_translatex&quot;:{&quot;unit&quot;:&quot;px&quot;,&quot;size&quot;:0,&quot;sizes&quot;:[]},&quot;grandrestaurant_ext_smoove_translatez&quot;:{&quot;unit&quot;:&quot;px&quot;,&quot;size&quot;:0,&quot;sizes&quot;:[]},&quot;grandrestaurant_ext_smoove_skewx&quot;:{&quot;unit&quot;:&quot;px&quot;,&quot;size&quot;:0,&quot;sizes&quot;:[]},&quot;grandrestaurant_ext_smoove_skewy&quot;:{&quot;unit&quot;:&quot;px&quot;,&quot;size&quot;:0,&quot;sizes&quot;:[]},&quot;grandrestaurant_ext_smoove_perspective&quot;:{&quot;unit&quot;:&quot;px&quot;,&quot;size&quot;:1000,&quot;sizes&quot;:[]},&quot;grandrestaurant_ext_is_parallax_mouse&quot;:&quot;false&quot;,&quot;grandrestaurant_ext_is_infinite&quot;:&quot;false&quot;,&quot;grandrestaurant_ext_is_fadeout_animation&quot;:&quot;false&quot;,&quot;grandrestaurant_ext_mobile_static&quot;:&quot;false&quot;}\">\n\t\t\t<div class=\"elementor-widget-wrap elementor-element-populated\">\n\t\t\t\t\t\t<div class=\"elementor-element elementor-element-01fe161 elementor-widget elementor-widget-text-editor\" data-id=\"01fe161\" data-element_type=\"widget\" data-e-type=\"widget\" data-settings=\"{&quot;grandrestaurant_ext_link_reservation&quot;:&quot;false&quot;,&quot;grandrestaurant_ext_link_sidemenu&quot;:&quot;false&quot;,&quot;grandrestaurant_ext_link_fullmenu&quot;:&quot;false&quot;,&quot;grandrestaurant_ext_link_closed_fullmenu&quot;:&quot;false&quot;,&quot;grandrestaurant_ext_is_scrollme&quot;:&quot;false&quot;,&quot;grandrestaurant_ext_is_smoove&quot;:&quot;false&quot;,&quot;grandrestaurant_ext_is_parallax_mouse&quot;:&quot;false&quot;,&quot;grandrestaurant_ext_is_infinite&quot;:&quot;false&quot;,&quot;grandrestaurant_ext_is_fadeout_animation&quot;:&quot;false&quot;,&quot;grandrestaurant_ext_mobile_static&quot;:&quot;false&quot;}\" data-widget_type=\"text-editor.default\">\n\t\t\t\t<div class=\"elementor-widget-container\">\n\t\t\t\t\t\t\t\t\t<p style=\"text-align: center;\">UN VOYAGE GASTRONOMIQUE DE SAINT-VALENTIN LE 14\/02\/2025<br \/>R\u00e9servation via t\u00e9l\u00e9phone au 02\/725.96.02 ou 0488 80 99 17<\/p>\t\t\t\t\t\t\t\t<\/div>\n\t\t\t\t<\/div>\n\t\t\t\t\t<\/div>\n\t\t<\/div>\n\t\t\t\t\t<\/div>\n\t\t<\/section>\n\t\t\t\t<section class=\"elementor-section elementor-top-section elementor-element elementor-element-d7278a1 elementor-section-full_width elementor-section-height-default elementor-section-height-default\" data-id=\"d7278a1\" data-element_type=\"section\" data-e-type=\"section\" data-settings=\"{&quot;grandrestaurant_ext_is_background_parallax&quot;:&quot;false&quot;,&quot;grandrestaurant_ext_is_background_backdrop&quot;:&quot;false&quot;,&quot;grandrestaurant_ext_is_background_on_scroll&quot;:&quot;false&quot;}\">\n\t\t\t\t\t\t<div class=\"elementor-container elementor-column-gap-default\">\n\t\t\t\t\t<div class=\"elementor-column elementor-col-100 elementor-top-column elementor-element elementor-element-e53e85f\" data-id=\"e53e85f\" data-element_type=\"column\" data-e-type=\"column\" data-settings=\"{&quot;grandrestaurant_ext_is_smoove&quot;:&quot;true&quot;,&quot;grandrestaurant_ext_smoove_disable&quot;:&quot;769&quot;,&quot;grandrestaurant_ext_smoove_duration&quot;:1000,&quot;grandrestaurant_ext_smoove_translatey&quot;:{&quot;unit&quot;:&quot;px&quot;,&quot;size&quot;:40,&quot;sizes&quot;:[]},&quot;grandrestaurant_ext_link_reservation&quot;:&quot;false&quot;,&quot;grandrestaurant_ext_link_sidemenu&quot;:&quot;false&quot;,&quot;grandrestaurant_ext_link_fullmenu&quot;:&quot;false&quot;,&quot;grandrestaurant_ext_link_closed_fullmenu&quot;:&quot;false&quot;,&quot;grandrestaurant_ext_is_scrollme&quot;:&quot;false&quot;,&quot;grandrestaurant_ext_smoove_scalex&quot;:{&quot;unit&quot;:&quot;px&quot;,&quot;size&quot;:1,&quot;sizes&quot;:[]},&quot;grandrestaurant_ext_smoove_scaley&quot;:{&quot;unit&quot;:&quot;px&quot;,&quot;size&quot;:1,&quot;sizes&quot;:[]},&quot;grandrestaurant_ext_smoove_rotatex&quot;:{&quot;unit&quot;:&quot;px&quot;,&quot;size&quot;:0,&quot;sizes&quot;:[]},&quot;grandrestaurant_ext_smoove_rotatey&quot;:{&quot;unit&quot;:&quot;px&quot;,&quot;size&quot;:0,&quot;sizes&quot;:[]},&quot;grandrestaurant_ext_smoove_rotatez&quot;:{&quot;unit&quot;:&quot;px&quot;,&quot;size&quot;:0,&quot;sizes&quot;:[]},&quot;grandrestaurant_ext_smoove_translatex&quot;:{&quot;unit&quot;:&quot;px&quot;,&quot;size&quot;:0,&quot;sizes&quot;:[]},&quot;grandrestaurant_ext_smoove_translatez&quot;:{&quot;unit&quot;:&quot;px&quot;,&quot;size&quot;:0,&quot;sizes&quot;:[]},&quot;grandrestaurant_ext_smoove_skewx&quot;:{&quot;unit&quot;:&quot;px&quot;,&quot;size&quot;:0,&quot;sizes&quot;:[]},&quot;grandrestaurant_ext_smoove_skewy&quot;:{&quot;unit&quot;:&quot;px&quot;,&quot;size&quot;:0,&quot;sizes&quot;:[]},&quot;grandrestaurant_ext_smoove_perspective&quot;:{&quot;unit&quot;:&quot;px&quot;,&quot;size&quot;:1000,&quot;sizes&quot;:[]},&quot;grandrestaurant_ext_is_parallax_mouse&quot;:&quot;false&quot;,&quot;grandrestaurant_ext_is_infinite&quot;:&quot;false&quot;,&quot;grandrestaurant_ext_is_fadeout_animation&quot;:&quot;false&quot;,&quot;grandrestaurant_ext_mobile_static&quot;:&quot;false&quot;}\">\n\t\t\t<div class=\"elementor-widget-wrap elementor-element-populated\">\n\t\t\t\t\t\t<div class=\"elementor-element elementor-element-01d1b6e elementor-widget__width-inherit elementor-widget elementor-widget-heading\" data-id=\"01d1b6e\" data-element_type=\"widget\" data-e-type=\"widget\" data-settings=\"{&quot;grandrestaurant_ext_link_reservation&quot;:&quot;false&quot;,&quot;grandrestaurant_ext_link_sidemenu&quot;:&quot;false&quot;,&quot;grandrestaurant_ext_link_fullmenu&quot;:&quot;false&quot;,&quot;grandrestaurant_ext_link_closed_fullmenu&quot;:&quot;false&quot;,&quot;grandrestaurant_ext_is_scrollme&quot;:&quot;false&quot;,&quot;grandrestaurant_ext_is_smoove&quot;:&quot;false&quot;,&quot;grandrestaurant_ext_is_parallax_mouse&quot;:&quot;false&quot;,&quot;grandrestaurant_ext_is_infinite&quot;:&quot;false&quot;,&quot;grandrestaurant_ext_is_fadeout_animation&quot;:&quot;false&quot;,&quot;grandrestaurant_ext_mobile_static&quot;:&quot;false&quot;}\" data-widget_type=\"heading.default\">\n\t\t\t\t<div class=\"elementor-widget-container\">\n\t\t\t\t\t<h2 class=\"elementor-heading-title elementor-size-default\">\u00c9vasion amoureuse !<\/h2>\t\t\t\t<\/div>\n\t\t\t\t<\/div>\n\t\t\t\t<div class=\"elementor-element elementor-element-4e4a1fa menu_mois elementor-widget elementor-widget-text-editor\" data-id=\"4e4a1fa\" data-element_type=\"widget\" data-e-type=\"widget\" data-settings=\"{&quot;grandrestaurant_ext_link_reservation&quot;:&quot;false&quot;,&quot;grandrestaurant_ext_link_sidemenu&quot;:&quot;false&quot;,&quot;grandrestaurant_ext_link_fullmenu&quot;:&quot;false&quot;,&quot;grandrestaurant_ext_link_closed_fullmenu&quot;:&quot;false&quot;,&quot;grandrestaurant_ext_is_scrollme&quot;:&quot;false&quot;,&quot;grandrestaurant_ext_is_smoove&quot;:&quot;false&quot;,&quot;grandrestaurant_ext_is_parallax_mouse&quot;:&quot;false&quot;,&quot;grandrestaurant_ext_is_infinite&quot;:&quot;false&quot;,&quot;grandrestaurant_ext_is_fadeout_animation&quot;:&quot;false&quot;,&quot;grandrestaurant_ext_mobile_static&quot;:&quot;false&quot;}\" data-widget_type=\"text-editor.default\">\n\t\t\t\t<div class=\"elementor-widget-container\">\n\t\t\t\t\t\t\t\t\t<p>Coupe de Champagne en \u00e9l\u00e9gance d\u2019amour accompagn\u00e9e de ses Mises en Bouches<\/p><h4 style=\"text-align: center;\">&#8212;&#8211;<\/h4><p>Filet de Rouget au baiser de Poire, vinaigrette aigre douce<\/p><h4 style=\"text-align: center;\">&#8212;&#8211;<\/h4><p>Boeuf brais\u00e9 \u00e0 la Bi\u00e8re et au charme irr\u00e9sistible de la Polenta et Parmesan grill\u00e9<\/p><h4 style=\"text-align: center;\">&#8212;&#8211;<\/h4><p>Noix de St.Jacques au beurre de gingembre, accompagn\u00e9es de Risotto croustillant \u00e0 la confiture de Tomates cerises, pour une symphonie gourmande d\u00e9di\u00e9e \u00e0 l\u2019amour<\/p><h4 style=\"text-align: center;\">&#8212;&#8211;<\/h4><p>Roulade de Veau farcie \u00e0 la Truffe, sublim\u00e9e par une sauce aux Morilles, un mariage parfait entre finesse et passion<\/p><h4 style=\"text-align: center;\">&#8212;&#8211;<\/h4><p>Raviolis de Homard aux Crevettes Grises, une d\u00e9licatesse marine qui \u00e9voque l\u2019\u00e9l\u00e9gance et la sensualit\u00e9 des sentiments partag\u00e9s<\/p><h4 style=\"text-align: center;\">&#8212;&#8211;<\/h4><p>Un coeur de Chocolat voluptueux caress\u00e9 par un coulis de Framboises, pour un moment sucr\u00e9 de pure complicit\u00e9<\/p><h4 style=\"text-align: center;\">&#8212;&#8211;<\/h4><p>59 \u20ac p.p<\/p>\t\t\t\t\t\t\t\t<\/div>\n\t\t\t\t<\/div>\n\t\t\t\t\t<\/div>\n\t\t<\/div>\n\t\t\t\t\t<\/div>\n\t\t<\/section>\n\t\t\t\t<\/div>\n\t\t","protected":false},"excerpt":{"rendered":"<p>Saint Valentin \u2665 UN VOYAGE GASTRONOMIQUE DE SAINT-VALENTIN LE 14\/02\/2025 R\u00e9servation via t\u00e9l\u00e9phone au 02\/725.96.02 ou 0488 80 99 17 \u00c9vasion amoureuse ! Coupe de Champagne en \u00e9l\u00e9gance d\u2019amour accompagn\u00e9e de ses Mises en Bouches &#8212;&#8211; Filet de Rouget au [&hellip;]<\/p>\n","protected":false},"author":1,"featured_media":0,"parent":0,"menu_order":0,"comment_status":"closed","ping_status":"closed","template":"","meta":{"_acf_changed":false,"footnotes":""},"class_list":["post-9258","page","type-page","status-publish","hentry"],"acf":[],"yoast_head":"<!-- This site is optimized with the Yoast SEO plugin v27.3 - https:\/\/yoast.com\/product\/yoast-seo-wordpress\/ -->\n<title>Menu saint-Valentin - Restaurant &#039;t Cuyperke<\/title>\n<meta name=\"robots\" content=\"index, follow, max-snippet:-1, max-image-preview:large, max-video-preview:-1\" \/>\n<link rel=\"canonical\" href=\"https:\/\/www.cuyperke.be\/en\/menu-saint-valentin\/\" \/>\n<meta property=\"og:locale\" content=\"en_US\" \/>\n<meta property=\"og:type\" content=\"article\" \/>\n<meta property=\"og:title\" content=\"Menu saint-Valentin - Restaurant &#039;t Cuyperke\" \/>\n<meta property=\"og:description\" content=\"Saint Valentin \u2665 UN VOYAGE GASTRONOMIQUE DE SAINT-VALENTIN LE 14\/02\/2025 R\u00e9servation via t\u00e9l\u00e9phone au 02\/725.96.02 ou 0488 80 99 17 \u00c9vasion amoureuse ! Coupe de Champagne en \u00e9l\u00e9gance d\u2019amour accompagn\u00e9e de ses Mises en Bouches &#8212;&#8211; Filet de Rouget au [&hellip;]\" \/>\n<meta property=\"og:url\" content=\"https:\/\/www.cuyperke.be\/en\/menu-saint-valentin\/\" \/>\n<meta property=\"og:site_name\" content=\"Restaurant &#039;t Cuyperke\" \/>\n<meta property=\"article:publisher\" content=\"https:\/\/www.facebook.com\/tCuyperke\" \/>\n<meta property=\"article:modified_time\" content=\"2025-02-04T09:11:22+00:00\" \/>\n<meta name=\"twitter:card\" content=\"summary_large_image\" \/>\n<meta name=\"twitter:label1\" content=\"Est. reading time\" \/>\n\t<meta name=\"twitter:data1\" content=\"1 minute\" \/>\n<script type=\"application\/ld+json\" class=\"yoast-schema-graph\">{\"@context\":\"https:\\\/\\\/schema.org\",\"@graph\":[{\"@type\":\"WebPage\",\"@id\":\"https:\\\/\\\/www.cuyperke.be\\\/en\\\/menu-saint-valentin\\\/\",\"url\":\"https:\\\/\\\/www.cuyperke.be\\\/en\\\/menu-saint-valentin\\\/\",\"name\":\"Menu saint-Valentin - Restaurant &#039;t Cuyperke\",\"isPartOf\":{\"@id\":\"https:\\\/\\\/www.cuyperke.be\\\/#website\"},\"datePublished\":\"2025-02-04T09:02:29+00:00\",\"dateModified\":\"2025-02-04T09:11:22+00:00\",\"breadcrumb\":{\"@id\":\"https:\\\/\\\/www.cuyperke.be\\\/en\\\/menu-saint-valentin\\\/#breadcrumb\"},\"inLanguage\":\"en-US\",\"potentialAction\":[{\"@type\":\"ReadAction\",\"target\":[\"https:\\\/\\\/www.cuyperke.be\\\/en\\\/menu-saint-valentin\\\/\"]}]},{\"@type\":\"BreadcrumbList\",\"@id\":\"https:\\\/\\\/www.cuyperke.be\\\/en\\\/menu-saint-valentin\\\/#breadcrumb\",\"itemListElement\":[{\"@type\":\"ListItem\",\"position\":1,\"name\":\"Home\",\"item\":\"https:\\\/\\\/www.cuyperke.be\\\/\"},{\"@type\":\"ListItem\",\"position\":2,\"name\":\"Menu saint-Valentin\"}]},{\"@type\":\"WebSite\",\"@id\":\"https:\\\/\\\/www.cuyperke.be\\\/#website\",\"url\":\"https:\\\/\\\/www.cuyperke.be\\\/\",\"name\":\"Restaurant 't Cuyperke\",\"description\":\"Cuisine belgo-italienne moderne\",\"publisher\":{\"@id\":\"https:\\\/\\\/www.cuyperke.be\\\/#organization\"},\"potentialAction\":[{\"@type\":\"SearchAction\",\"target\":{\"@type\":\"EntryPoint\",\"urlTemplate\":\"https:\\\/\\\/www.cuyperke.be\\\/?s={search_term_string}\"},\"query-input\":{\"@type\":\"PropertyValueSpecification\",\"valueRequired\":true,\"valueName\":\"search_term_string\"}}],\"inLanguage\":\"en-US\"},{\"@type\":\"Organization\",\"@id\":\"https:\\\/\\\/www.cuyperke.be\\\/#organization\",\"name\":\"Restaurant 't Cuyperke\",\"url\":\"https:\\\/\\\/www.cuyperke.be\\\/\",\"logo\":{\"@type\":\"ImageObject\",\"inLanguage\":\"en-US\",\"@id\":\"https:\\\/\\\/www.cuyperke.be\\\/#\\\/schema\\\/logo\\\/image\\\/\",\"url\":\"https:\\\/\\\/www.cuyperke.be\\\/wp-content\\\/uploads\\\/2020\\\/12\\\/logo.svg\",\"contentUrl\":\"https:\\\/\\\/www.cuyperke.be\\\/wp-content\\\/uploads\\\/2020\\\/12\\\/logo.svg\",\"width\":342,\"height\":199,\"caption\":\"Restaurant 't Cuyperke\"},\"image\":{\"@id\":\"https:\\\/\\\/www.cuyperke.be\\\/#\\\/schema\\\/logo\\\/image\\\/\"},\"sameAs\":[\"https:\\\/\\\/www.facebook.com\\\/tCuyperke\"]}]}<\/script>\n<!-- \/ Yoast SEO plugin. -->","yoast_head_json":{"title":"Menu saint-Valentin - Restaurant &#039;t Cuyperke","robots":{"index":"index","follow":"follow","max-snippet":"max-snippet:-1","max-image-preview":"max-image-preview:large","max-video-preview":"max-video-preview:-1"},"canonical":"https:\/\/www.cuyperke.be\/en\/menu-saint-valentin\/","og_locale":"en_US","og_type":"article","og_title":"Menu saint-Valentin - Restaurant &#039;t Cuyperke","og_description":"Saint Valentin \u2665 UN VOYAGE GASTRONOMIQUE DE SAINT-VALENTIN LE 14\/02\/2025 R\u00e9servation via t\u00e9l\u00e9phone au 02\/725.96.02 ou 0488 80 99 17 \u00c9vasion amoureuse ! Coupe de Champagne en \u00e9l\u00e9gance d\u2019amour accompagn\u00e9e de ses Mises en Bouches &#8212;&#8211; Filet de Rouget au [&hellip;]","og_url":"https:\/\/www.cuyperke.be\/en\/menu-saint-valentin\/","og_site_name":"Restaurant &#039;t Cuyperke","article_publisher":"https:\/\/www.facebook.com\/tCuyperke","article_modified_time":"2025-02-04T09:11:22+00:00","twitter_card":"summary_large_image","twitter_misc":{"Est. reading time":"1 minute"},"schema":{"@context":"https:\/\/schema.org","@graph":[{"@type":"WebPage","@id":"https:\/\/www.cuyperke.be\/en\/menu-saint-valentin\/","url":"https:\/\/www.cuyperke.be\/en\/menu-saint-valentin\/","name":"Menu saint-Valentin - Restaurant &#039;t Cuyperke","isPartOf":{"@id":"https:\/\/www.cuyperke.be\/#website"},"datePublished":"2025-02-04T09:02:29+00:00","dateModified":"2025-02-04T09:11:22+00:00","breadcrumb":{"@id":"https:\/\/www.cuyperke.be\/en\/menu-saint-valentin\/#breadcrumb"},"inLanguage":"en-US","potentialAction":[{"@type":"ReadAction","target":["https:\/\/www.cuyperke.be\/en\/menu-saint-valentin\/"]}]},{"@type":"BreadcrumbList","@id":"https:\/\/www.cuyperke.be\/en\/menu-saint-valentin\/#breadcrumb","itemListElement":[{"@type":"ListItem","position":1,"name":"Home","item":"https:\/\/www.cuyperke.be\/"},{"@type":"ListItem","position":2,"name":"Menu saint-Valentin"}]},{"@type":"WebSite","@id":"https:\/\/www.cuyperke.be\/#website","url":"https:\/\/www.cuyperke.be\/","name":"Restaurant 't Cuyperke","description":"Cuisine belgo-italienne moderne","publisher":{"@id":"https:\/\/www.cuyperke.be\/#organization"},"potentialAction":[{"@type":"SearchAction","target":{"@type":"EntryPoint","urlTemplate":"https:\/\/www.cuyperke.be\/?s={search_term_string}"},"query-input":{"@type":"PropertyValueSpecification","valueRequired":true,"valueName":"search_term_string"}}],"inLanguage":"en-US"},{"@type":"Organization","@id":"https:\/\/www.cuyperke.be\/#organization","name":"Restaurant 't Cuyperke","url":"https:\/\/www.cuyperke.be\/","logo":{"@type":"ImageObject","inLanguage":"en-US","@id":"https:\/\/www.cuyperke.be\/#\/schema\/logo\/image\/","url":"https:\/\/www.cuyperke.be\/wp-content\/uploads\/2020\/12\/logo.svg","contentUrl":"https:\/\/www.cuyperke.be\/wp-content\/uploads\/2020\/12\/logo.svg","width":342,"height":199,"caption":"Restaurant 't Cuyperke"},"image":{"@id":"https:\/\/www.cuyperke.be\/#\/schema\/logo\/image\/"},"sameAs":["https:\/\/www.facebook.com\/tCuyperke"]}]}},"_links":{"self":[{"href":"https:\/\/www.cuyperke.be\/en\/wp-json\/wp\/v2\/pages\/9258","targetHints":{"allow":["GET"]}}],"collection":[{"href":"https:\/\/www.cuyperke.be\/en\/wp-json\/wp\/v2\/pages"}],"about":[{"href":"https:\/\/www.cuyperke.be\/en\/wp-json\/wp\/v2\/types\/page"}],"author":[{"embeddable":true,"href":"https:\/\/www.cuyperke.be\/en\/wp-json\/wp\/v2\/users\/1"}],"replies":[{"embeddable":true,"href":"https:\/\/www.cuyperke.be\/en\/wp-json\/wp\/v2\/comments?post=9258"}],"version-history":[{"count":3,"href":"https:\/\/www.cuyperke.be\/en\/wp-json\/wp\/v2\/pages\/9258\/revisions"}],"predecessor-version":[{"id":9273,"href":"https:\/\/www.cuyperke.be\/en\/wp-json\/wp\/v2\/pages\/9258\/revisions\/9273"}],"wp:attachment":[{"href":"https:\/\/www.cuyperke.be\/en\/wp-json\/wp\/v2\/media?parent=9258"}],"curies":[{"name":"wp","href":"https:\/\/api.w.org\/{rel}","templated":true}]}}